{"id":3878,"date":"2021-03-10T12:44:21","date_gmt":"2021-03-10T17:44:21","guid":{"rendered":"http:\/\/www.corporatechampions.com\/?page_id=3878"},"modified":"2022-06-30T10:34:32","modified_gmt":"2022-06-30T15:34:32","slug":"a-propos-de-wccc","status":"publish","type":"page","link":"http:\/\/www.corporatechampions.com\/?page_id=3878&lang=fr","title":{"rendered":"\u00c0 propos de WCCC"},"content":{"rendered":"[vc_row type=&#8221;full_width_background&#8221; full_screen_row_position=&#8221;middle&#8221; column_margin=&#8221;default&#8221; bg_image=&#8221;685&#8243; bg_position=&#8221;left top&#8221; bg_repeat=&#8221;no-repeat&#8221; bg_color=&#8221;#3a3a3a&#8221; scene_position=&#8221;center&#8221; text_color=&#8221;light&#8221; text_align=&#8221;left&#8221; top_padding=&#8221;17%&#8221; bottom_padding=&#8221;17%&#8221; overlay_strength=&#8221;0.3&#8243; shape_divider_position=&#8221;bottom&#8221; bg_image_animation=&#8221;none&#8221; shape_type=&#8221;&#8221;][vc_column centered_text=&#8221;true&#8221; column_padding=&#8221;no-extra-padding&#8221; column_padding_position=&#8221;all&#8221; background_color_opacity=&#8221;1&#8243; background_hover_color_opacity=&#8221;1&#8243; column_link_target=&#8221;_self&#8221; column_shadow=&#8221;none&#8221; column_border_radius=&#8221;none&#8221; width=&#8221;1\/1&#8243; tablet_width_inherit=&#8221;default&#8221; tablet_text_alignment=&#8221;default&#8221; phone_text_alignment=&#8221;default&#8221; overlay_strength=&#8221;0.3&#8243; column_border_width=&#8221;none&#8221; column_border_style=&#8221;solid&#8221; bg_image_animation=&#8221;none&#8221; enable_animation=&#8221;true&#8221; animation=&#8221;none&#8221;][\/vc_column][\/vc_row][vc_row type=&#8221;in_container&#8221; full_screen_row_position=&#8221;middle&#8221; column_margin=&#8221;default&#8221; bg_color=&#8221;#ffffff&#8221; scene_position=&#8221;center&#8221; text_color=&#8221;dark&#8221; text_align=&#8221;left&#8221; overlay_strength=&#8221;0.3&#8243; shape_divider_position=&#8221;bottom&#8221; bg_image_animation=&#8221;none&#8221; shape_type=&#8221;&#8221;][vc_column centered_text=&#8221;true&#8221; column_padding=&#8221;padding-7-percent&#8221; column_padding_position=&#8221;all&#8221; background_color=&#8221;#003347&#8243; background_color_opacity=&#8221;1&#8243; background_hover_color_opacity=&#8221;1&#8243; column_link_target=&#8221;_self&#8221; column_shadow=&#8221;none&#8221; column_border_radius=&#8221;15px&#8221; top_margin=&#8221;-6%&#8221; width=&#8221;1\/1&#8243; tablet_width_inherit=&#8221;default&#8221; tablet_text_alignment=&#8221;default&#8221; phone_text_alignment=&#8221;default&#8221; overlay_strength=&#8221;0.3&#8243; column_border_width=&#8221;none&#8221; bg_image_animation=&#8221;none&#8221;][vc_column_text]\n<h5 style=\"text-align: center;\"><span style=\"color: #f7f7f7; font-size: 18pt;\">TOURNOI 2022<\/span><\/h5>\n<p><img decoding=\"async\" class=\"wp-image-4323 aligncenter lazyload\" data-src=\"http:\/\/www.corporatechampions.com\/wp-content\/uploads\/2022\/05\/Logo-Abu-Dhabi-Sticker.png\" alt=\"\" width=\"236\" height=\"325\" data-srcset=\"http:\/\/www.corporatechampions.com\/wp-content\/uploads\/2022\/05\/Logo-Abu-Dhabi-Sticker.png 816w, http:\/\/www.corporatechampions.com\/wp-content\/uploads\/2022\/05\/Logo-Abu-Dhabi-Sticker-218x300.png 218w, http:\/\/www.corporatechampions.com\/wp-content\/uploads\/2022\/05\/Logo-Abu-Dhabi-Sticker-745x1024.png 745w, http:\/\/www.corporatechampions.com\/wp-content\/uploads\/2022\/05\/Logo-Abu-Dhabi-Sticker-768x1055.png 768w, http:\/\/www.corporatechampions.com\/wp-content\/uploads\/2022\/05\/Logo-Abu-Dhabi-Sticker-600x824.png 600w\" data-sizes=\"(max-width: 236px) 100vw, 236px\" src=\"data:image\/svg+xml;base64,PHN2ZyB3aWR0aD0iMSIgaGVpZ2h0PSIxIiB4bWxucz0iaHR0cDovL3d3dy53My5vcmcvMjAwMC9zdmciPjwvc3ZnPg==\" style=\"--smush-placeholder-width: 236px; --smush-placeholder-aspect-ratio: 236\/325;\" \/>[\/vc_column_text][divider line_type=&#8221;Small Line&#8221; line_alignment=&#8221;default&#8221; line_thickness=&#8221;2&#8243; divider_color=&#8221;extra-color-gradient-2&#8243; animate=&#8221;yes&#8221; custom_height=&#8221;50&#8243; custom_line_width=&#8221;120&#8243;][vc_custom_heading text=&#8221;La World Corporate Champions Cup est le premier \u00e9v\u00e9nement mondial de la FIFCO &#x2122;.<br \/>\nNotre organisation est structur\u00e9e pour apporter divers formats de tournois d&#8217;entreprise \u00e0<br \/>\nnos membres. \u00c0 partir de 2018, la premi\u00e8re World Corporate Champions Cup &#x2122;<br \/>\na \u00e9t\u00e9 h\u00e9berg\u00e9 au Canada. Cette s\u00e9rie de tournois sera organis\u00e9e sur une base annuelle<br \/>\net dans divers endroits \u00e0 travers le monde pour permettre \u00e0 nos \u00e9quipes d&#8217;entreprise de<br \/>\nd&#8217;avoir du plaisir \u00e0 jouer au football dans diff\u00e9rents pays et de d\u00e9couvrir la culture locale.<br \/>\nNous nous concentrons actuellement sur le football au format 5v5, mais nous sommmes int\u00e9ress\u00e9s<br \/>\nau d\u00e9veloppement d&#8217;autres formats pour les \u00e9ditions futures. Notre mandat comprend \u00e9galement la<br \/>\ncapacit\u00e9 \u00e0 promouvoir la coop\u00e9ration r\u00e9gionale avec des tournois r\u00e9gionaux dans les diff\u00e9rents<br \/>\ncontinents pour encourager nos valeurs fondamentales sont \u00e0 chaque \u00e9tape. Enfin, nous invitons tous<br \/>\nnos membres \u00e0 embrasser nos valeurs fondamentales et \u00e0 promouvoir le jeu au bureau<br \/>\net de continuer \u00e0 participer \u00e0 l\u2019\u00e9chelle mondiale.&#8221; font_container=&#8221;tag:h2|font_size:18|text_align:center|color:%23f7f7f7|line_height:2&#8243; google_fonts=&#8221;font_family:Raleway%3A100%2C200%2C300%2Cregular%2C500%2C600%2C700%2C800%2C900|font_style:400%20regular%3A400%3Anormal&#8221;][divider line_type=&#8221;No Line&#8221; custom_height=&#8221;12&#8243;][vc_custom_heading text=&#8221;Albert Zbily<br \/>\nPr\u00e9sident FIFCO&#8221; font_container=&#8221;tag:h2|font_size:13|text_align:right|color:%23f7f7f7|line_height:1.4&#8243; google_fonts=&#8221;font_family:Raleway%3A100%2C200%2C300%2Cregular%2C500%2C600%2C700%2C800%2C900|font_style:400%20regular%3A400%3Anormal&#8221;][\/vc_column][\/vc_row][vc_row type=&#8221;full_width_background&#8221; full_screen_row_position=&#8221;middle&#8221; column_margin=&#8221;default&#8221; full_height=&#8221;yes&#8221; scene_position=&#8221;center&#8221; video_bg=&#8221;use_video&#8221; video_mp4=&#8221;http:\/\/www.corporatechampions.com\/wp-content\/uploads\/2022\/06\/WCCC-Abu-2022-1.m4v&#8221; text_color=&#8221;dark&#8221; text_align=&#8221;left&#8221; overlay_strength=&#8221;0.3&#8243; shape_divider_position=&#8221;bottom&#8221; bg_image_animation=&#8221;none&#8221; shape_type=&#8221;&#8221;][vc_column column_padding=&#8221;no-extra-padding&#8221; column_padding_position=&#8221;all&#8221; background_color_opacity=&#8221;1&#8243; background_hover_color_opacity=&#8221;1&#8243; column_link_target=&#8221;_self&#8221; column_shadow=&#8221;none&#8221; column_border_radius=&#8221;none&#8221; width=&#8221;1\/1&#8243; tablet_width_inherit=&#8221;default&#8221; tablet_text_alignment=&#8221;default&#8221; phone_text_alignment=&#8221;default&#8221; overlay_strength=&#8221;0.3&#8243; column_border_width=&#8221;none&#8221; column_border_style=&#8221;solid&#8221; bg_image_animation=&#8221;none&#8221;][\/vc_column][\/vc_row]\n","protected":false},"excerpt":{"rendered":"<p>[vc_row type=&#8221;full_width_background&#8221; full_screen_row_position=&#8221;middle&#8221; column_margin=&#8221;default&#8221; bg_image=&#8221;685&#8243; bg_position=&#8221;left top&#8221; bg_repeat=&#8221;no-repeat&#8221; bg_color=&#8221;#3a3a3a&#8221; scene_position=&#8221;center&#8221; text_color=&#8221;light&#8221; text_align=&#8221;left&#8221; top_padding=&#8221;17%&#8221; bottom_padding=&#8221;17%&#8221; overlay_strength=&#8221;0.3&#8243; shape_divider_position=&#8221;bottom&#8221; bg_image_animation=&#8221;none&#8221; shape_type=&#8221;&#8221;][vc_column centered_text=&#8221;true&#8221; column_padding=&#8221;no-extra-padding&#8221; column_padding_position=&#8221;all&#8221; background_color_opacity=&#8221;1&#8243; background_hover_color_opacity=&#8221;1&#8243; column_link_target=&#8221;_self&#8221; column_shadow=&#8221;none&#8221; column_border_radius=&#8221;none&#8221; width=&#8221;1\/1&#8243; tablet_width_inherit=&#8221;default&#8221; tablet_text_alignment=&#8221;default&#8221; phone_text_alignment=&#8221;default&#8221;&#8230;<\/p>\n","protected":false},"author":1,"featured_media":0,"parent":0,"menu_order":11,"comment_status":"closed","ping_status":"closed","template":"","meta":{"footnotes":""},"class_list":["post-3878","page","type-page","status-publish"],"_links":{"self":[{"href":"http:\/\/www.corporatechampions.com\/index.php?rest_route=\/wp\/v2\/pages\/3878","targetHints":{"allow":["GET"]}}],"collection":[{"href":"http:\/\/www.corporatechampions.com\/index.php?rest_route=\/wp\/v2\/pages"}],"about":[{"href":"http:\/\/www.corporatechampions.com\/index.php?rest_route=\/wp\/v2\/types\/page"}],"author":[{"embeddable":true,"href":"http:\/\/www.corporatechampions.com\/index.php?rest_route=\/wp\/v2\/users\/1"}],"replies":[{"embeddable":true,"href":"http:\/\/www.corporatechampions.com\/index.php?rest_route=%2Fwp%2Fv2%2Fcomments&post=3878"}],"version-history":[{"count":9,"href":"http:\/\/www.corporatechampions.com\/index.php?rest_route=\/wp\/v2\/pages\/3878\/revisions"}],"predecessor-version":[{"id":4650,"href":"http:\/\/www.corporatechampions.com\/index.php?rest_route=\/wp\/v2\/pages\/3878\/revisions\/4650"}],"wp:attachment":[{"href":"http:\/\/www.corporatechampions.com\/index.php?rest_route=%2Fwp%2Fv2%2Fmedia&parent=3878"}],"curies":[{"name":"wp","href":"https:\/\/api.w.org\/{rel}","templated":true}]}}