{"id":3887,"date":"2021-03-10T13:04:03","date_gmt":"2021-03-10T18:04:03","guid":{"rendered":"http:\/\/www.corporatechampions.com\/?page_id=3887"},"modified":"2022-06-30T09:50:52","modified_gmt":"2022-06-30T14:50:52","slug":"compagnies-2018","status":"publish","type":"page","link":"http:\/\/www.corporatechampions.com\/?page_id=3887&lang=fr","title":{"rendered":"Entreprises 2018"},"content":{"rendered":"[vc_row type=&#8221;in_container&#8221; full_screen_row_position=&#8221;middle&#8221; column_margin=&#8221;default&#8221; scene_position=&#8221;center&#8221; text_color=&#8221;dark&#8221; text_align=&#8221;left&#8221; overlay_strength=&#8221;0.3&#8243; shape_divider_position=&#8221;bottom&#8221; bg_image_animation=&#8221;none&#8221;][vc_column column_padding=&#8221;no-extra-padding&#8221; column_padding_position=&#8221;all&#8221; background_color_opacity=&#8221;1&#8243; background_hover_color_opacity=&#8221;1&#8243; column_link_target=&#8221;_self&#8221; column_shadow=&#8221;none&#8221; column_border_radius=&#8221;none&#8221; width=&#8221;1\/1&#8243; tablet_width_inherit=&#8221;default&#8221; tablet_text_alignment=&#8221;default&#8221; phone_text_alignment=&#8221;default&#8221; overlay_strength=&#8221;0.3&#8243; column_border_width=&#8221;none&#8221; column_border_style=&#8221;solid&#8221; bg_image_animation=&#8221;none&#8221;][vc_column_text]\n<p style=\"text-align: center;\"><span style=\"font-size: 24pt;\">ENTREPRISES qui ont particip\u00e9 au <strong>TOURNOI \u00e0 Montr\u00e9al en 2018 <\/strong><\/span><\/p>\n[\/vc_column_text][\/vc_column][\/vc_row][vc_row type=&#8221;in_container&#8221; full_screen_row_position=&#8221;middle&#8221; column_margin=&#8221;default&#8221; scene_position=&#8221;center&#8221; text_color=&#8221;dark&#8221; text_align=&#8221;left&#8221; overlay_strength=&#8221;0.3&#8243; shape_divider_position=&#8221;bottom&#8221; bg_image_animation=&#8221;none&#8221;][vc_column column_padding=&#8221;no-extra-padding&#8221; column_padding_position=&#8221;all&#8221; background_color_opacity=&#8221;1&#8243; background_hover_color_opacity=&#8221;1&#8243; column_link_target=&#8221;_self&#8221; column_shadow=&#8221;none&#8221; column_border_radius=&#8221;none&#8221; width=&#8221;1\/1&#8243; tablet_width_inherit=&#8221;default&#8221; tablet_text_alignment=&#8221;default&#8221; phone_text_alignment=&#8221;default&#8221; overlay_strength=&#8221;0.3&#8243; column_border_width=&#8221;none&#8221; column_border_style=&#8221;solid&#8221; bg_image_animation=&#8221;none&#8221;][divider line_type=&#8221;No Line&#8221; custom_height=&#8221;32&#8243;][\/vc_column][\/vc_row][vc_row type=&#8221;full_width_content&#8221; full_screen_row_position=&#8221;middle&#8221; column_margin=&#8221;default&#8221; scene_position=&#8221;center&#8221; text_color=&#8221;dark&#8221; text_align=&#8221;center&#8221; overlay_strength=&#8221;0.3&#8243; shape_divider_position=&#8221;bottom&#8221; bg_image_animation=&#8221;none&#8221; shape_type=&#8221;&#8221;][vc_column column_padding=&#8221;no-extra-padding&#8221; column_padding_position=&#8221;all&#8221; background_color_opacity=&#8221;1&#8243; background_hover_color_opacity=&#8221;1&#8243; column_link_target=&#8221;_self&#8221; column_shadow=&#8221;none&#8221; column_border_radius=&#8221;none&#8221; width=&#8221;1\/1&#8243; tablet_width_inherit=&#8221;default&#8221; tablet_text_alignment=&#8221;default&#8221; phone_text_alignment=&#8221;default&#8221; overlay_strength=&#8221;0.3&#8243; column_border_width=&#8221;none&#8221; column_border_style=&#8221;solid&#8221; bg_image_animation=&#8221;none&#8221;][vc_column_text]<img decoding=\"async\" class=\"alignnone wp-image-3598 lazyload\" data-src=\"http:\/\/www.corporatechampions.com\/wp-content\/uploads\/2021\/01\/Deloitte.png\" alt=\"\" width=\"350\" height=\"71\" data-srcset=\"http:\/\/www.corporatechampions.com\/wp-content\/uploads\/2021\/01\/Deloitte.png 676w, http:\/\/www.corporatechampions.com\/wp-content\/uploads\/2021\/01\/Deloitte-300x61.png 300w, http:\/\/www.corporatechampions.com\/wp-content\/uploads\/2021\/01\/Deloitte-670x137.png 670w, http:\/\/www.corporatechampions.com\/wp-content\/uploads\/2021\/01\/Deloitte-600x122.png 600w\" data-sizes=\"(max-width: 350px) 100vw, 350px\" src=\"data:image\/svg+xml;base64,PHN2ZyB3aWR0aD0iMSIgaGVpZ2h0PSIxIiB4bWxucz0iaHR0cDovL3d3dy53My5vcmcvMjAwMC9zdmciPjwvc3ZnPg==\" style=\"--smush-placeholder-width: 350px; --smush-placeholder-aspect-ratio: 350\/71;\" \/>\u00a0 \u00a0\u00a0 <img decoding=\"async\" class=\"alignnone wp-image-3599 lazyload\" data-src=\"http:\/\/www.corporatechampions.com\/wp-content\/uploads\/2021\/01\/Challenge.png\" alt=\"\" width=\"249\" height=\"192\" data-srcset=\"http:\/\/www.corporatechampions.com\/wp-content\/uploads\/2021\/01\/Challenge.png 450w, http:\/\/www.corporatechampions.com\/wp-content\/uploads\/2021\/01\/Challenge-300x231.png 300w\" data-sizes=\"(max-width: 249px) 100vw, 249px\" src=\"data:image\/svg+xml;base64,PHN2ZyB3aWR0aD0iMSIgaGVpZ2h0PSIxIiB4bWxucz0iaHR0cDovL3d3dy53My5vcmcvMjAwMC9zdmciPjwvc3ZnPg==\" style=\"--smush-placeholder-width: 249px; --smush-placeholder-aspect-ratio: 249\/192;\" \/>\u00a0 \u00a0\u00a0 <img decoding=\"async\" class=\"alignnone wp-image-3649 lazyload\" data-src=\"http:\/\/www.corporatechampions.com\/wp-content\/uploads\/2021\/01\/CG.png\" alt=\"\" width=\"187\" height=\"90\" src=\"data:image\/svg+xml;base64,PHN2ZyB3aWR0aD0iMSIgaGVpZ2h0PSIxIiB4bWxucz0iaHR0cDovL3d3dy53My5vcmcvMjAwMC9zdmciPjwvc3ZnPg==\" style=\"--smush-placeholder-width: 187px; --smush-placeholder-aspect-ratio: 187\/90;\" \/>\u00a0 \u00a0\u00a0 <img decoding=\"async\" class=\"alignnone wp-image-3647 lazyload\" data-src=\"http:\/\/www.corporatechampions.com\/wp-content\/uploads\/2021\/01\/Compion-2.png\" alt=\"\" width=\"130\" height=\"143\" src=\"data:image\/svg+xml;base64,PHN2ZyB3aWR0aD0iMSIgaGVpZ2h0PSIxIiB4bWxucz0iaHR0cDovL3d3dy53My5vcmcvMjAwMC9zdmciPjwvc3ZnPg==\" style=\"--smush-placeholder-width: 130px; --smush-placeholder-aspect-ratio: 130\/143;\" \/>\u00a0 \u00a0\u00a0 <img decoding=\"async\" class=\"alignnone wp-image-3602 lazyload\" data-src=\"http:\/\/www.corporatechampions.com\/wp-content\/uploads\/2021\/01\/SportX.png\" alt=\"\" width=\"395\" height=\"104\" data-srcset=\"http:\/\/www.corporatechampions.com\/wp-content\/uploads\/2021\/01\/SportX.png 725w, http:\/\/www.corporatechampions.com\/wp-content\/uploads\/2021\/01\/SportX-300x79.png 300w, http:\/\/www.corporatechampions.com\/wp-content\/uploads\/2021\/01\/SportX-600x158.png 600w\" data-sizes=\"(max-width: 395px) 100vw, 395px\" src=\"data:image\/svg+xml;base64,PHN2ZyB3aWR0aD0iMSIgaGVpZ2h0PSIxIiB4bWxucz0iaHR0cDovL3d3dy53My5vcmcvMjAwMC9zdmciPjwvc3ZnPg==\" style=\"--smush-placeholder-width: 395px; --smush-placeholder-aspect-ratio: 395\/104;\" \/><br \/>\n<img decoding=\"async\" class=\"alignnone wp-image-3603 lazyload\" data-src=\"http:\/\/www.corporatechampions.com\/wp-content\/uploads\/2021\/01\/Bio.png\" alt=\"\" width=\"195\" height=\"205\" data-srcset=\"http:\/\/www.corporatechampions.com\/wp-content\/uploads\/2021\/01\/Bio.png 359w, http:\/\/www.corporatechampions.com\/wp-content\/uploads\/2021\/01\/Bio-286x300.png 286w\" data-sizes=\"(max-width: 195px) 100vw, 195px\" src=\"data:image\/svg+xml;base64,PHN2ZyB3aWR0aD0iMSIgaGVpZ2h0PSIxIiB4bWxucz0iaHR0cDovL3d3dy53My5vcmcvMjAwMC9zdmciPjwvc3ZnPg==\" style=\"--smush-placeholder-width: 195px; --smush-placeholder-aspect-ratio: 195\/205;\" \/>\u00a0 \u00a0\u00a0 <img decoding=\"async\" class=\"alignnone wp-image-3604 lazyload\" data-src=\"http:\/\/www.corporatechampions.com\/wp-content\/uploads\/2021\/01\/PCCI.png\" alt=\"\" width=\"375\" height=\"145\" data-srcset=\"http:\/\/www.corporatechampions.com\/wp-content\/uploads\/2021\/01\/PCCI.png 561w, http:\/\/www.corporatechampions.com\/wp-content\/uploads\/2021\/01\/PCCI-300x116.png 300w\" data-sizes=\"(max-width: 375px) 100vw, 375px\" src=\"data:image\/svg+xml;base64,PHN2ZyB3aWR0aD0iMSIgaGVpZ2h0PSIxIiB4bWxucz0iaHR0cDovL3d3dy53My5vcmcvMjAwMC9zdmciPjwvc3ZnPg==\" style=\"--smush-placeholder-width: 375px; --smush-placeholder-aspect-ratio: 375\/145;\" \/>\u00a0 \u00a0\u00a0 <img decoding=\"async\" class=\"alignnone wp-image-3605 lazyload\" data-src=\"http:\/\/www.corporatechampions.com\/wp-content\/uploads\/2021\/01\/Corpo.png\" alt=\"\" width=\"392\" height=\"186\" data-srcset=\"http:\/\/www.corporatechampions.com\/wp-content\/uploads\/2021\/01\/Corpo.png 576w, http:\/\/www.corporatechampions.com\/wp-content\/uploads\/2021\/01\/Corpo-300x143.png 300w\" data-sizes=\"(max-width: 392px) 100vw, 392px\" src=\"data:image\/svg+xml;base64,PHN2ZyB3aWR0aD0iMSIgaGVpZ2h0PSIxIiB4bWxucz0iaHR0cDovL3d3dy53My5vcmcvMjAwMC9zdmciPjwvc3ZnPg==\" style=\"--smush-placeholder-width: 392px; --smush-placeholder-aspect-ratio: 392\/186;\" \/>\u00a0 \u00a0\u00a0 <img decoding=\"async\" class=\"alignnone wp-image-3606 lazyload\" data-src=\"http:\/\/www.corporatechampions.com\/wp-content\/uploads\/2021\/01\/Sportland.png\" alt=\"\" width=\"338\" height=\"87\" data-srcset=\"http:\/\/www.corporatechampions.com\/wp-content\/uploads\/2021\/01\/Sportland.png 665w, http:\/\/www.corporatechampions.com\/wp-content\/uploads\/2021\/01\/Sportland-300x77.png 300w, http:\/\/www.corporatechampions.com\/wp-content\/uploads\/2021\/01\/Sportland-600x154.png 600w\" data-sizes=\"(max-width: 338px) 100vw, 338px\" src=\"data:image\/svg+xml;base64,PHN2ZyB3aWR0aD0iMSIgaGVpZ2h0PSIxIiB4bWxucz0iaHR0cDovL3d3dy53My5vcmcvMjAwMC9zdmciPjwvc3ZnPg==\" style=\"--smush-placeholder-width: 338px; --smush-placeholder-aspect-ratio: 338\/87;\" \/>\u00a0 \u00a0\u00a0 <img decoding=\"async\" class=\"alignnone wp-image-3608 lazyload\" data-src=\"http:\/\/www.corporatechampions.com\/wp-content\/uploads\/2021\/01\/Menara.png\" alt=\"\" width=\"423\" height=\"106\" data-srcset=\"http:\/\/www.corporatechampions.com\/wp-content\/uploads\/2021\/01\/Menara.png 762w, http:\/\/www.corporatechampions.com\/wp-content\/uploads\/2021\/01\/Menara-300x75.png 300w, http:\/\/www.corporatechampions.com\/wp-content\/uploads\/2021\/01\/Menara-600x150.png 600w\" data-sizes=\"(max-width: 423px) 100vw, 423px\" src=\"data:image\/svg+xml;base64,PHN2ZyB3aWR0aD0iMSIgaGVpZ2h0PSIxIiB4bWxucz0iaHR0cDovL3d3dy53My5vcmcvMjAwMC9zdmciPjwvc3ZnPg==\" style=\"--smush-placeholder-width: 423px; --smush-placeholder-aspect-ratio: 423\/106;\" \/><br \/>\n<img decoding=\"async\" class=\"alignnone wp-image-3609 lazyload\" data-src=\"http:\/\/www.corporatechampions.com\/wp-content\/uploads\/2021\/01\/Les-Algues.png\" alt=\"\" width=\"209\" height=\"187\" data-srcset=\"http:\/\/www.corporatechampions.com\/wp-content\/uploads\/2021\/01\/Les-Algues.png 354w, http:\/\/www.corporatechampions.com\/wp-content\/uploads\/2021\/01\/Les-Algues-300x269.png 300w\" data-sizes=\"(max-width: 209px) 100vw, 209px\" src=\"data:image\/svg+xml;base64,PHN2ZyB3aWR0aD0iMSIgaGVpZ2h0PSIxIiB4bWxucz0iaHR0cDovL3d3dy53My5vcmcvMjAwMC9zdmciPjwvc3ZnPg==\" style=\"--smush-placeholder-width: 209px; --smush-placeholder-aspect-ratio: 209\/187;\" \/>\u00a0 \u00a0\u00a0 <img decoding=\"async\" class=\"alignnone wp-image-3610 lazyload\" data-src=\"http:\/\/www.corporatechampions.com\/wp-content\/uploads\/2021\/01\/KBC.png\" alt=\"\" width=\"191\" height=\"151\" data-srcset=\"http:\/\/www.corporatechampions.com\/wp-content\/uploads\/2021\/01\/KBC.png 339w, http:\/\/www.corporatechampions.com\/wp-content\/uploads\/2021\/01\/KBC-300x237.png 300w\" data-sizes=\"(max-width: 191px) 100vw, 191px\" src=\"data:image\/svg+xml;base64,PHN2ZyB3aWR0aD0iMSIgaGVpZ2h0PSIxIiB4bWxucz0iaHR0cDovL3d3dy53My5vcmcvMjAwMC9zdmciPjwvc3ZnPg==\" style=\"--smush-placeholder-width: 191px; --smush-placeholder-aspect-ratio: 191\/151;\" \/>\u00a0 \u00a0\u00a0 <img decoding=\"async\" class=\"alignnone wp-image-3611 lazyload\" data-src=\"http:\/\/www.corporatechampions.com\/wp-content\/uploads\/2021\/01\/PDIO.png\" alt=\"\" width=\"225\" height=\"191\" data-srcset=\"http:\/\/www.corporatechampions.com\/wp-content\/uploads\/2021\/01\/PDIO.png 426w, http:\/\/www.corporatechampions.com\/wp-content\/uploads\/2021\/01\/PDIO-300x254.png 300w\" data-sizes=\"(max-width: 225px) 100vw, 225px\" src=\"data:image\/svg+xml;base64,PHN2ZyB3aWR0aD0iMSIgaGVpZ2h0PSIxIiB4bWxucz0iaHR0cDovL3d3dy53My5vcmcvMjAwMC9zdmciPjwvc3ZnPg==\" style=\"--smush-placeholder-width: 225px; --smush-placeholder-aspect-ratio: 225\/191;\" \/>\u00a0 \u00a0\u00a0 <img decoding=\"async\" class=\"alignnone wp-image-3612 lazyload\" data-src=\"http:\/\/www.corporatechampions.com\/wp-content\/uploads\/2021\/01\/Gambetta.png\" alt=\"\" width=\"403\" height=\"141\" data-srcset=\"http:\/\/www.corporatechampions.com\/wp-content\/uploads\/2021\/01\/Gambetta.png 633w, http:\/\/www.corporatechampions.com\/wp-content\/uploads\/2021\/01\/Gambetta-300x105.png 300w, http:\/\/www.corporatechampions.com\/wp-content\/uploads\/2021\/01\/Gambetta-600x209.png 600w\" data-sizes=\"(max-width: 403px) 100vw, 403px\" src=\"data:image\/svg+xml;base64,PHN2ZyB3aWR0aD0iMSIgaGVpZ2h0PSIxIiB4bWxucz0iaHR0cDovL3d3dy53My5vcmcvMjAwMC9zdmciPjwvc3ZnPg==\" style=\"--smush-placeholder-width: 403px; --smush-placeholder-aspect-ratio: 403\/141;\" \/>\u00a0 \u00a0\u00a0 <img decoding=\"async\" class=\"alignnone wp-image-3597 lazyload\" data-src=\"http:\/\/www.corporatechampions.com\/wp-content\/uploads\/2021\/01\/Ubisoft.png\" alt=\"\" width=\"243\" height=\"179\" data-srcset=\"http:\/\/www.corporatechampions.com\/wp-content\/uploads\/2021\/01\/Ubisoft.png 426w, http:\/\/www.corporatechampions.com\/wp-content\/uploads\/2021\/01\/Ubisoft-300x221.png 300w\" data-sizes=\"(max-width: 243px) 100vw, 243px\" src=\"data:image\/svg+xml;base64,PHN2ZyB3aWR0aD0iMSIgaGVpZ2h0PSIxIiB4bWxucz0iaHR0cDovL3d3dy53My5vcmcvMjAwMC9zdmciPjwvc3ZnPg==\" style=\"--smush-placeholder-width: 243px; --smush-placeholder-aspect-ratio: 243\/179;\" \/>\u00a0 \u00a0\u00a0 <img decoding=\"async\" class=\"alignnone wp-image-3651 lazyload\" data-src=\"http:\/\/www.corporatechampions.com\/wp-content\/uploads\/2021\/01\/WB.png\" alt=\"\" width=\"142\" height=\"159\" src=\"data:image\/svg+xml;base64,PHN2ZyB3aWR0aD0iMSIgaGVpZ2h0PSIxIiB4bWxucz0iaHR0cDovL3d3dy53My5vcmcvMjAwMC9zdmciPjwvc3ZnPg==\" style=\"--smush-placeholder-width: 142px; --smush-placeholder-aspect-ratio: 142\/159;\" \/>[\/vc_column_text][\/vc_column][\/vc_row][vc_row type=&#8221;in_container&#8221; full_screen_row_position=&#8221;middle&#8221; column_margin=&#8221;default&#8221; scene_position=&#8221;center&#8221; text_color=&#8221;dark&#8221; text_align=&#8221;left&#8221; overlay_strength=&#8221;0.3&#8243; shape_divider_position=&#8221;bottom&#8221; bg_image_animation=&#8221;none&#8221;][vc_column column_padding=&#8221;no-extra-padding&#8221; column_padding_position=&#8221;all&#8221; background_color_opacity=&#8221;1&#8243; background_hover_color_opacity=&#8221;1&#8243; column_link_target=&#8221;_self&#8221; column_shadow=&#8221;none&#8221; column_border_radius=&#8221;none&#8221; width=&#8221;1\/1&#8243; tablet_width_inherit=&#8221;default&#8221; tablet_text_alignment=&#8221;default&#8221; phone_text_alignment=&#8221;default&#8221; overlay_strength=&#8221;0.3&#8243; column_border_width=&#8221;none&#8221; column_border_style=&#8221;solid&#8221; bg_image_animation=&#8221;none&#8221;][divider line_type=&#8221;No Line&#8221; custom_height=&#8221;52&#8243;][\/vc_column][\/vc_row]\n","protected":false},"excerpt":{"rendered":"<p>[vc_row type=&#8221;in_container&#8221; full_screen_row_position=&#8221;middle&#8221; column_margin=&#8221;default&#8221; scene_position=&#8221;center&#8221; text_color=&#8221;dark&#8221; text_align=&#8221;left&#8221; overlay_strength=&#8221;0.3&#8243; shape_divider_position=&#8221;bottom&#8221; bg_image_animation=&#8221;none&#8221;][vc_column column_padding=&#8221;no-extra-padding&#8221; column_padding_position=&#8221;all&#8221; background_color_opacity=&#8221;1&#8243; background_hover_color_opacity=&#8221;1&#8243; column_link_target=&#8221;_self&#8221; column_shadow=&#8221;none&#8221; column_border_radius=&#8221;none&#8221; width=&#8221;1\/1&#8243; tablet_width_inherit=&#8221;default&#8221; tablet_text_alignment=&#8221;default&#8221; phone_text_alignment=&#8221;default&#8221; overlay_strength=&#8221;0.3&#8243; column_border_width=&#8221;none&#8221; column_border_style=&#8221;solid&#8221; bg_image_animation=&#8221;none&#8221;][vc_column_text] ENTREPRISES qui ont particip\u00e9 au&#8230;<\/p>\n","protected":false},"author":1,"featured_media":0,"parent":0,"menu_order":13,"comment_status":"closed","ping_status":"closed","template":"","meta":{"footnotes":""},"class_list":["post-3887","page","type-page","status-publish"],"_links":{"self":[{"href":"http:\/\/www.corporatechampions.com\/index.php?rest_route=\/wp\/v2\/pages\/3887","targetHints":{"allow":["GET"]}}],"collection":[{"href":"http:\/\/www.corporatechampions.com\/index.php?rest_route=\/wp\/v2\/pages"}],"about":[{"href":"http:\/\/www.corporatechampions.com\/index.php?rest_route=\/wp\/v2\/types\/page"}],"author":[{"embeddable":true,"href":"http:\/\/www.corporatechampions.com\/index.php?rest_route=\/wp\/v2\/users\/1"}],"replies":[{"embeddable":true,"href":"http:\/\/www.corporatechampions.com\/index.php?rest_route=%2Fwp%2Fv2%2Fcomments&post=3887"}],"version-history":[{"count":5,"href":"http:\/\/www.corporatechampions.com\/index.php?rest_route=\/wp\/v2\/pages\/3887\/revisions"}],"predecessor-version":[{"id":4643,"href":"http:\/\/www.corporatechampions.com\/index.php?rest_route=\/wp\/v2\/pages\/3887\/revisions\/4643"}],"wp:attachment":[{"href":"http:\/\/www.corporatechampions.com\/index.php?rest_route=%2Fwp%2Fv2%2Fmedia&parent=3887"}],"curies":[{"name":"wp","href":"https:\/\/api.w.org\/{rel}","templated":true}]}}