{"id":4248,"date":"2019-07-10T19:13:17","date_gmt":"2019-07-10T19:13:17","guid":{"rendered":"http:\/\/www.corporatechampions.com\/?page_id=4248"},"modified":"2021-09-30T13:47:37","modified_gmt":"2021-09-30T18:47:37","slug":"895-2","status":"publish","type":"page","link":"http:\/\/www.corporatechampions.com\/?page_id=4248&lang=fr","title":{"rendered":"Termes &amp; Conditions"},"content":{"rendered":"[vc_row type=&#8221;in_container&#8221; full_screen_row_position=&#8221;middle&#8221; column_margin=&#8221;default&#8221; scene_position=&#8221;center&#8221; text_color=&#8221;dark&#8221; text_align=&#8221;left&#8221; overlay_strength=&#8221;0.3&#8243; shape_divider_position=&#8221;bottom&#8221; bg_image_animation=&#8221;none&#8221;][vc_column column_padding=&#8221;no-extra-padding&#8221; column_padding_position=&#8221;all&#8221; background_color_opacity=&#8221;1&#8243; background_hover_color_opacity=&#8221;1&#8243; column_link_target=&#8221;_self&#8221; column_shadow=&#8221;none&#8221; column_border_radius=&#8221;none&#8221; width=&#8221;1\/1&#8243; tablet_width_inherit=&#8221;default&#8221; tablet_text_alignment=&#8221;default&#8221; phone_text_alignment=&#8221;default&#8221; overlay_strength=&#8221;0.3&#8243; column_border_width=&#8221;none&#8221; column_border_style=&#8221;solid&#8221; bg_image_animation=&#8221;none&#8221;][image_with_animation alignment=&#8221;&#8221; animation=&#8221;Fade In&#8221; hover_animation=&#8221;none&#8221; border_radius=&#8221;none&#8221; box_shadow=&#8221;none&#8221; image_loading=&#8221;default&#8221; max_width=&#8221;100%&#8221; max_width_mobile=&#8221;default&#8221;][\/vc_column][\/vc_row][vc_row type=&#8221;in_container&#8221; full_screen_row_position=&#8221;middle&#8221; column_margin=&#8221;default&#8221; scene_position=&#8221;center&#8221; text_color=&#8221;dark&#8221; text_align=&#8221;left&#8221; overlay_strength=&#8221;0.3&#8243; shape_divider_position=&#8221;bottom&#8221; bg_image_animation=&#8221;none&#8221;][vc_column column_padding=&#8221;no-extra-padding&#8221; column_padding_position=&#8221;all&#8221; background_color_opacity=&#8221;1&#8243; background_hover_color_opacity=&#8221;1&#8243; column_link_target=&#8221;_self&#8221; column_shadow=&#8221;none&#8221; column_border_radius=&#8221;none&#8221; width=&#8221;1\/1&#8243; tablet_width_inherit=&#8221;default&#8221; tablet_text_alignment=&#8221;default&#8221; phone_text_alignment=&#8221;default&#8221; overlay_strength=&#8221;0.3&#8243; column_border_width=&#8221;none&#8221; column_border_style=&#8221;solid&#8221; bg_image_animation=&#8221;none&#8221;][vc_column_text]\n<p style=\"text-align: center;\"><strong>RENONCIATION, INDEMNISATION, GARANTIE ET ACCEPTATION DES RISQUES<\/strong><\/p>\n<p>En contrepartie de l&#8217;acceptation de l&#8217;inscription pour participer \u00e0 la FIFCO World Corporate Champions Cup (WCCC),<em><\/em> je lib\u00e8re, remet et d\u00e9charge pour toujours, et j&#8217;accepte d&#8217;indemniser et de d\u00e9gager de toute responsabilit\u00e9 la F\u00e9d\u00e9ration internationale de football corporatif (FIFCO), les organisateurs de ce concours, leurs dirigeants, cadres, directeurs, officiels, agents, pr\u00e9pos\u00e9s, b\u00e9n\u00e9voles et repr\u00e9sentants respectifs (ci-apr\u00e8s d\u00e9nomm\u00e9s \u00ab les quittances \u00bb) de et contre toutes r\u00e9clamations, actions, co\u00fbts, d\u00e9penses et demandes concernant la mort, les blessures, perte ou dommage \u00e0 ma personne ou \u00e0 mes biens, quelle qu&#8217;en soit la cause, r\u00e9sultant de ou en relation avec ma comp\u00e9tition ou ma participation \u00e0 ce concours et nonobstant le fait qu&#8217;ils puissent avoir \u00e9t\u00e9 caus\u00e9s par, contribu\u00e9 ou occasionn\u00e9 par la n\u00e9gligence, la rupture de contrat, la rupture d&#8217;un devoir commun de diligence en tant qu&#8217;occupant des locaux, ou autrement, de ou par les lib\u00e9rations ou l&#8217;une d&#8217;entre elles.<\/p>\n<p>J&#8217;accepte d&#8217;assumer tous les risques, connus et inconnus, et toutes les cons\u00e9quences qui en d\u00e9coulent, d\u00e9coulant de ou en relation avec ma comp\u00e9tition ou ma participation \u00e0 cette comp\u00e9tition. J&#8217;accepte d&#8217;adh\u00e9rer \u00e0 toutes les r\u00e8gles, r\u00e8glements et conditions de cette ligue.<\/p>\n<p>Je certifie que :<\/p>\n<p>1) Je suis en bonne condition physique et je n&#8217;ai aucune blessure, maladie ou handicap et je n&#8217;ai pas inject\u00e9 ou ing\u00e9r\u00e9 quoi que ce soit qui pourrait alt\u00e9rer ma performance ou ma condition physique ou augmenter la probabilit\u00e9 de blessure en comp\u00e9tition ou en participant \u00e0 cette comp\u00e9tition.<\/p>\n<p>2) Aucun m\u00e9decin, infirmi\u00e8re, th\u00e9rapeute, entra\u00eeneur, entra\u00eeneur, gestionnaire ou autre personne ne m&#8217;a d\u00e9conseill\u00e9 de participer \u00e0 un sport de contact corporel ou \u00e0 cette comp\u00e9tition.<\/p>\n<p>3) Je connais bien le football et la nature d&#8217;un match de football. Je suis conscient qu&#8217;il y a un risque \u00e9lev\u00e9 de blessure par la nature m\u00eame du sport.<\/p>\n<p>4) Une fois le paiement effectu\u00e9, il n&#8217;y a aucun remboursement pour quelque raison que ce soit.<\/p>\n<p>WCCC a le droit de prendre mon image et\/ou ma probabilit\u00e9 pendant le concours au format photo et\/ou vid\u00e9o et de l&#8217;utiliser \u00e0 des fins promotionnelles sans aucune indemnit\u00e9 pour moi.<\/p>\n<p>Ce document m&#8217;engage, mes h\u00e9ritiers, ex\u00e9cuteurs testamentaires, administrateurs, ayants droit et repr\u00e9sentants personnels.<\/p>\n<p>J&#8217;accepte de participer au WCCC, en connaissant les risques et les conditions en jeu et je le fais enti\u00e8rement de mon plein gr\u00e9.<\/p>\n<p>J&#8217;ai lu ce document et je comprends que je renonce \u00e0 des droits substantiels en le signant et sachant cela, je le signe volontairement.[\/vc_column_text][\/vc_column][vc_column column_padding=&#8221;no-extra-padding&#8221; column_padding_position=&#8221;all&#8221; background_color_opacity=&#8221;1&#8243; background_hover_color_opacity=&#8221;1&#8243; column_link_target=&#8221;_self&#8221; column_shadow=&#8221;none&#8221; column_border_radius=&#8221;none&#8221; width=&#8221;1\/1&#8243; tablet_width_inherit=&#8221;default&#8221; tablet_text_alignment=&#8221;default&#8221; phone_text_alignment=&#8221;default&#8221; overlay_strength=&#8221;0.3&#8243; column_border_width=&#8221;none&#8221; column_border_style=&#8221;solid&#8221; bg_image_animation=&#8221;none&#8221;][\/vc_column][\/vc_row]\n","protected":false},"excerpt":{"rendered":"<p>[vc_row type=&#8221;in_container&#8221; full_screen_row_position=&#8221;middle&#8221; column_margin=&#8221;default&#8221; scene_position=&#8221;center&#8221; text_color=&#8221;dark&#8221; text_align=&#8221;left&#8221; overlay_strength=&#8221;0.3&#8243; shape_divider_position=&#8221;bottom&#8221; bg_image_animation=&#8221;none&#8221;][vc_column column_padding=&#8221;no-extra-padding&#8221; column_padding_position=&#8221;all&#8221; background_color_opacity=&#8221;1&#8243; background_hover_color_opacity=&#8221;1&#8243; column_link_target=&#8221;_self&#8221; column_shadow=&#8221;none&#8221; column_border_radius=&#8221;none&#8221; width=&#8221;1\/1&#8243; tablet_width_inherit=&#8221;default&#8221; tablet_text_alignment=&#8221;default&#8221; phone_text_alignment=&#8221;default&#8221; overlay_strength=&#8221;0.3&#8243; column_border_width=&#8221;none&#8221; column_border_style=&#8221;solid&#8221; bg_image_animation=&#8221;none&#8221;][image_with_animation alignment=&#8221;&#8221; animation=&#8221;Fade In&#8221; hover_animation=&#8221;none&#8221; border_radius=&#8221;none&#8221;&#8230;<\/p>\n","protected":false},"author":1,"featured_media":0,"parent":0,"menu_order":41,"comment_status":"closed","ping_status":"closed","template":"","meta":{"footnotes":""},"class_list":["post-4248","page","type-page","status-publish"],"_links":{"self":[{"href":"http:\/\/www.corporatechampions.com\/index.php?rest_route=\/wp\/v2\/pages\/4248","targetHints":{"allow":["GET"]}}],"collection":[{"href":"http:\/\/www.corporatechampions.com\/index.php?rest_route=\/wp\/v2\/pages"}],"about":[{"href":"http:\/\/www.corporatechampions.com\/index.php?rest_route=\/wp\/v2\/types\/page"}],"author":[{"embeddable":true,"href":"http:\/\/www.corporatechampions.com\/index.php?rest_route=\/wp\/v2\/users\/1"}],"replies":[{"embeddable":true,"href":"http:\/\/www.corporatechampions.com\/index.php?rest_route=%2Fwp%2Fv2%2Fcomments&post=4248"}],"version-history":[{"count":4,"href":"http:\/\/www.corporatechampions.com\/index.php?rest_route=\/wp\/v2\/pages\/4248\/revisions"}],"predecessor-version":[{"id":4252,"href":"http:\/\/www.corporatechampions.com\/index.php?rest_route=\/wp\/v2\/pages\/4248\/revisions\/4252"}],"wp:attachment":[{"href":"http:\/\/www.corporatechampions.com\/index.php?rest_route=%2Fwp%2Fv2%2Fmedia&parent=4248"}],"curies":[{"name":"wp","href":"https:\/\/api.w.org\/{rel}","templated":true}]}}